{"id":1869,"date":"2024-04-02T17:38:00","date_gmt":"2024-04-02T14:38:00","guid":{"rendered":"https:\/\/vatankoruma.com\/?page_id=1869"},"modified":"2024-07-06T13:45:53","modified_gmt":"2024-07-06T10:45:53","slug":"hakkimizda","status":"publish","type":"page","link":"https:\/\/vatankoruma.com\/?page_id=1869","title":{"rendered":"Hakk\u0131m\u0131zda"},"content":{"rendered":"\t\t<div data-elementor-type=\"wp-page\" data-elementor-id=\"1869\" class=\"elementor elementor-1869\">\n\t\t\t\t\t\t<section class=\"elementor-section elementor-top-section elementor-element elementor-element-400742f2 elementor-section-full_width elementor-section-stretched elementor-section-height-default elementor-section-height-default\" data-id=\"400742f2\" data-element_type=\"section\" data-e-type=\"section\" data-settings=\"{&quot;stretch_section&quot;:&quot;section-stretched&quot;}\">\n\t\t\t\t\t\t<div class=\"elementor-container elementor-column-gap-no\">\n\t\t\t\t\t<div class=\"elementor-column elementor-col-100 elementor-top-column elementor-element elementor-element-5d063d7f\" data-id=\"5d063d7f\" data-element_type=\"column\" data-e-type=\"column\">\n\t\t\t<div class=\"elementor-widget-wrap\">\n\t\t\t\t\t\t\t<\/div>\n\t\t<\/div>\n\t\t\t\t\t<\/div>\n\t\t<\/section>\n\t\t<div class=\"elementor-element elementor-element-e8b6fc4 e-flex e-con-boxed e-con e-parent\" data-id=\"e8b6fc4\" data-element_type=\"container\" data-e-type=\"container\">\n\t\t\t\t\t<div class=\"e-con-inner\">\n\t\t\t\t<div class=\"elementor-element elementor-element-8a3daaa elementor-widget elementor-widget-spacer\" data-id=\"8a3daaa\" data-element_type=\"widget\" data-e-type=\"widget\" data-widget_type=\"spacer.default\">\n\t\t\t\t<div class=\"elementor-widget-container\">\n\t\t\t\t\t\t\t<div class=\"elementor-spacer\">\n\t\t\t<div class=\"elementor-spacer-inner\"><\/div>\n\t\t<\/div>\n\t\t\t\t\t\t<\/div>\n\t\t\t\t<\/div>\n\t\t\t\t\t<\/div>\n\t\t\t\t<\/div>\n\t\t\t\t<section class=\"elementor-section elementor-top-section elementor-element elementor-element-25b2df1a elementor-section-full_width elementor-section-stretched elementor-section-height-default elementor-section-height-default\" data-id=\"25b2df1a\" data-element_type=\"section\" data-e-type=\"section\" data-settings=\"{&quot;stretch_section&quot;:&quot;section-stretched&quot;}\">\n\t\t\t\t\t\t<div class=\"elementor-container elementor-column-gap-no\">\n\t\t\t\t\t<div class=\"elementor-column elementor-col-100 elementor-top-column elementor-element elementor-element-25bbb47d\" data-id=\"25bbb47d\" data-element_type=\"column\" data-e-type=\"column\">\n\t\t\t<div class=\"elementor-widget-wrap elementor-element-populated\">\n\t\t\t\t\t\t<div class=\"elementor-element elementor-element-5bebe54 elementor-widget elementor-widget-spacer\" data-id=\"5bebe54\" data-element_type=\"widget\" data-e-type=\"widget\" data-widget_type=\"spacer.default\">\n\t\t\t\t<div class=\"elementor-widget-container\">\n\t\t\t\t\t\t\t<div class=\"elementor-spacer\">\n\t\t\t<div class=\"elementor-spacer-inner\"><\/div>\n\t\t<\/div>\n\t\t\t\t\t\t<\/div>\n\t\t\t\t<\/div>\n\t\t\t\t<div class=\"elementor-element elementor-element-60111044 elementor-widget elementor-widget-sina_banner_slider\" data-id=\"60111044\" data-element_type=\"widget\" data-e-type=\"widget\" data-widget_type=\"sina_banner_slider.default\">\n\t\t\t\t<div class=\"elementor-widget-container\">\n\t\t\t\t\t\t\t<div class=\"sina-banner-slider owl-carousel\"\r\n\t\tdata-autoplay=\"yes\"\r\n\t\tdata-pause=\"yes\"\r\n\t\tdata-nav=\"yes\"\r\n\t\tdata-dots=\"yes\"\r\n\t\tdata-mouse-drag=\"yes\"\r\n\t\tdata-touch-drag=\"yes\"\r\n\t\tdata-loop=\"yes\"\r\n\t\tdata-speed=\"\"\r\n\t\tdata-part-anim=\"yes\"\r\n\t\tdata-delay=\"5000\">\r\n\r\n\t\t\t\t\t\t\t<div class=\"sina-slider-content sina-bg-cover\" style=\"background-image: url(https:\/\/vatankoruma.com\/wp-content\/uploads\/2024\/07\/job-security-specialist-generative-ai-scaled.jpg);\">\r\n\t\t\t\t\t\t\t\t\t\t\t<div class=\"sina-overlay\"><\/div>\r\n\t\t\t\t\t\r\n\t\t\t\t\t<div class=\"sina-banner-container elementor-repeater-item-dc4fb86\">\r\n\r\n\t\t\t\t\t\t\t\t\t\t\t\t\t\t\t\t\t\t\t\t<h1 class=\"sina-banner-title sina-anim-invisible\" data-animation=\"animated zoomIn\">Bu alanda VATAN KORUMA hakk\u0131nda Bilgi Edinebilirsiniz.<\/h1>\t\t\t\t\t\t\r\n\t\t\t\t\t\t\r\n\t\t\t\t\t\t\r\n\t\t\t\t\t\t\t\t\t\t\t\t\t<div class=\"sina-banner-btns sina-anim-invisible\" data-animation=\"animated fadeInUp\">\r\n\t\t\t\t\t\t\t\t\t\t\t\t\t\t\t\t\t<a class=\"sina-banner-pbtn   \"\r\n\t\t\t\t\t\t\t\t\t\t\t\t\t\t\t\t\t\thref=\"#kullanim\"\r\n\t\t\t\t\t\t\t\t\t\t\t\t\t\t\t\t\t\t>\r\n\t\t\t\t\t\t\t\t\t\t\t\tDaha Fazla Bilgi\t\t\t\t\t\t\t\t\t\t\t<\/a>\r\n\t\t\t\t\t\t\t\t\r\n\t\t\t\t\t\t\t\t\t\t\t\t\t\t\t<\/div>\r\n\t\t\t\t\t\t\t\t\t\t\t<\/div>\r\n\t\t\t\t<\/div>\r\n\t\t\t\t\t\t\t<div class=\"sina-slider-content sina-bg-cover\" style=\"background-image: url(https:\/\/vatankoruma.com\/wp-content\/uploads\/2024\/07\/security-man-outside-buildings-scaled.jpg);\">\r\n\t\t\t\t\t\t\t\t\t\t\t<div class=\"sina-overlay\"><\/div>\r\n\t\t\t\t\t\r\n\t\t\t\t\t<div class=\"sina-banner-container elementor-repeater-item-8567b1c\">\r\n\r\n\t\t\t\t\t\t\t\t\t\t\t\t\t\t\t\t\t\t\t\t<h1 class=\"sina-banner-title sina-anim-invisible\" data-animation=\"animated zoomIn\">Bu alanda VATAN KORUMA hakk\u0131nda Bilgi Edinebilirsiniz.<\/h1>\t\t\t\t\t\t\r\n\t\t\t\t\t\t\r\n\t\t\t\t\t\t\r\n\t\t\t\t\t\t\t\t\t\t\t\t\t<div class=\"sina-banner-btns sina-anim-invisible\" data-animation=\"animated fadeInUp\">\r\n\t\t\t\t\t\t\t\t\t\t\t\t\t\t\t\t\t<a class=\"sina-banner-pbtn   \"\r\n\t\t\t\t\t\t\t\t\t\t\t\t\t\t\t\t\t\thref=\"#kullanim\"\r\n\t\t\t\t\t\t\t\t\t\t\t\t\t\t\t\t\t\t>\r\n\t\t\t\t\t\t\t\t\t\t\t\tDaha Fazla Bilgi\t\t\t\t\t\t\t\t\t\t\t<\/a>\r\n\t\t\t\t\t\t\t\t\r\n\t\t\t\t\t\t\t\t\t\t\t\t\t\t\t<\/div>\r\n\t\t\t\t\t\t\t\t\t\t\t<\/div>\r\n\t\t\t\t<\/div>\r\n\t\t\t\t\t<\/div><!-- .sina-banner-slider -->\r\n\t\t\t\t\t\t<\/div>\n\t\t\t\t<\/div>\n\t\t\t\t\t<\/div>\n\t\t<\/div>\n\t\t\t\t\t<\/div>\n\t\t<\/section>\n\t\t\t\t<section class=\"elementor-section elementor-top-section elementor-element elementor-element-6c03ecac elementor-section-stretched elementor-section-full_width elementor-section-height-default elementor-section-height-default\" data-id=\"6c03ecac\" data-element_type=\"section\" data-e-type=\"section\" data-settings=\"{&quot;background_background&quot;:&quot;classic&quot;,&quot;shape_divider_top&quot;:&quot;waves&quot;,&quot;shape_divider_top_negative&quot;:&quot;yes&quot;,&quot;shape_divider_bottom&quot;:&quot;waves&quot;,&quot;shape_divider_bottom_negative&quot;:&quot;yes&quot;,&quot;stretch_section&quot;:&quot;section-stretched&quot;}\">\n\t\t\t\t\t<div class=\"elementor-shape elementor-shape-top\" aria-hidden=\"true\" data-negative=\"true\">\n\t\t\t<svg xmlns=\"http:\/\/www.w3.org\/2000\/svg\" viewBox=\"0 0 1000 100\" preserveAspectRatio=\"none\">\n\t<path class=\"elementor-shape-fill\" d=\"M790.5,93.1c-59.3-5.3-116.8-18-192.6-50c-29.6-12.7-76.9-31-100.5-35.9c-23.6-4.9-52.6-7.8-75.5-5.3\n\tc-10.2,1.1-22.6,1.4-50.1,7.4c-27.2,6.3-58.2,16.6-79.4,24.7c-41.3,15.9-94.9,21.9-134,22.6C72,58.2,0,25.8,0,25.8V100h1000V65.3\n\tc0,0-51.5,19.4-106.2,25.7C839.5,97,814.1,95.2,790.5,93.1z\"\/>\n<\/svg>\t\t<\/div>\n\t\t\t\t<div class=\"elementor-shape elementor-shape-bottom\" aria-hidden=\"true\" data-negative=\"true\">\n\t\t\t<svg xmlns=\"http:\/\/www.w3.org\/2000\/svg\" viewBox=\"0 0 1000 100\" preserveAspectRatio=\"none\">\n\t<path class=\"elementor-shape-fill\" d=\"M790.5,93.1c-59.3-5.3-116.8-18-192.6-50c-29.6-12.7-76.9-31-100.5-35.9c-23.6-4.9-52.6-7.8-75.5-5.3\n\tc-10.2,1.1-22.6,1.4-50.1,7.4c-27.2,6.3-58.2,16.6-79.4,24.7c-41.3,15.9-94.9,21.9-134,22.6C72,58.2,0,25.8,0,25.8V100h1000V65.3\n\tc0,0-51.5,19.4-106.2,25.7C839.5,97,814.1,95.2,790.5,93.1z\"\/>\n<\/svg>\t\t<\/div>\n\t\t\t\t\t<div class=\"elementor-container elementor-column-gap-no\">\n\t\t\t\t\t<div class=\"elementor-column elementor-col-100 elementor-top-column elementor-element elementor-element-7153936e\" data-id=\"7153936e\" data-element_type=\"column\" data-e-type=\"column\">\n\t\t\t<div class=\"elementor-widget-wrap elementor-element-populated\">\n\t\t\t\t\t\t<div class=\"elementor-element elementor-element-7f5a1efa animated-slow elementor-invisible elementor-widget elementor-widget-heading\" data-id=\"7f5a1efa\" data-element_type=\"widget\" data-e-type=\"widget\" data-settings=\"{&quot;_animation&quot;:&quot;fadeInUp&quot;}\" data-widget_type=\"heading.default\">\n\t\t\t\t<div class=\"elementor-widget-container\">\n\t\t\t\t\t<h2 class=\"elementor-heading-title elementor-size-default\">Hakk\u0131m\u0131zda<\/h2>\t\t\t\t<\/div>\n\t\t\t\t<\/div>\n\t\t\t\t<section class=\"elementor-section elementor-inner-section elementor-element elementor-element-5ee618a6 elementor-section-content-middle elementor-section-full_width elementor-section-height-default elementor-section-height-default\" data-id=\"5ee618a6\" data-element_type=\"section\" data-e-type=\"section\" data-settings=\"{&quot;background_background&quot;:&quot;classic&quot;}\">\n\t\t\t\t\t\t<div class=\"elementor-container elementor-column-gap-default\">\n\t\t\t\t\t<div class=\"elementor-column elementor-col-100 elementor-inner-column elementor-element elementor-element-634fc3dd\" data-id=\"634fc3dd\" data-element_type=\"column\" data-e-type=\"column\">\n\t\t\t<div class=\"elementor-widget-wrap elementor-element-populated\">\n\t\t\t\t\t\t<div class=\"elementor-element elementor-element-f50b695 elementor-widget elementor-widget-text-editor\" data-id=\"f50b695\" data-element_type=\"widget\" data-e-type=\"widget\" data-widget_type=\"text-editor.default\">\n\t\t\t\t<div class=\"elementor-widget-container\">\n\t\t\t\t\t\t\t\t\t<p>Hakk\u0131m\u0131zda<br \/>Vatan Koruma olarak, y\u0131llar\u0131n getirdi\u011fi deneyim ve uzmanl\u0131k ile m\u00fc\u015fterilerimize en y\u00fcksek kalitede \u00f6zel g\u00fcvenlik hizmetleri sunmaktay\u0131z. Kurulu\u015fumuzdan bu yana, g\u00fcvenlik sekt\u00f6r\u00fcnde yenilik\u00e7i ve proaktif yakla\u015f\u0131mlar\u0131m\u0131zla fark yarat\u0131yoruz. E\u011fitimli ve profesyonel g\u00fcvenlik personelimiz, sizlerin ve sevdiklerinizin g\u00fcvenli\u011fini sa\u011flamak i\u00e7in 7\/24 g\u00f6rev ba\u015f\u0131ndad\u0131r. G\u00fcvenlik \u00e7\u00f6z\u00fcmlerimizi, her m\u00fc\u015fterimizin ihtiya\u00e7lar\u0131na g\u00f6re \u00f6zelle\u015ftiriyor ve en uygun g\u00fcvenlik stratejilerini geli\u015ftiriyoruz.<\/p><p>Vizyonumuz<br \/>G\u00fcvenlik sekt\u00f6r\u00fcnde lider bir konumda yer alarak, m\u00fc\u015fterilerimize en g\u00fcvenilir ve en yenilik\u00e7i g\u00fcvenlik \u00e7\u00f6z\u00fcmlerini sunmak. Teknolojik geli\u015fmeleri yak\u0131ndan takip ederek, sekt\u00f6rdeki en g\u00fcncel ve etkili g\u00fcvenlik hizmetlerini sa\u011flamak. Vatan Koruma olarak, m\u00fc\u015fteri memnuniyetini en \u00fcst seviyede tutarak, g\u00fcvenlik hizmetlerinde kalite ve m\u00fckemmeliyetin sembol\u00fc olmak.<\/p><p>Misyonumuz<br \/>M\u00fc\u015fterilerimizin ve toplumun g\u00fcvenli\u011fini sa\u011flamak i\u00e7in \u00e7al\u0131\u015f\u0131rken, etik de\u011ferlere ve yasal d\u00fczenlemelere tam uyum g\u00f6stermektir. G\u00fcvenlik ihtiya\u00e7lar\u0131n\u0131 en iyi \u015fekilde analiz ederek, en etkili ve verimli \u00e7\u00f6z\u00fcmleri sunmak. Profesyonel g\u00fcvenlik ekibimizi s\u00fcrekli e\u011fiterek, de\u011fi\u015fen tehdit ve risklere kar\u015f\u0131 haz\u0131rl\u0131kl\u0131 olmak. Toplumun g\u00fcvenlik bilincini art\u0131rmak ve g\u00fcvenli bir ya\u015fam alan\u0131 olu\u015fturmak i\u00e7in katk\u0131 sa\u011flamak.<\/p><p>Neden Biz?<br \/>Deneyim ve Uzmanl\u0131k: Y\u0131llar\u0131n verdi\u011fi tecr\u00fcbe ve uzman kadromuz ile g\u00fcvenli\u011finizi sa\u011fl\u0131yoruz.<br \/>\u00d6zelle\u015ftirilmi\u015f Hizmetler: Her m\u00fc\u015fterimizin ihtiyac\u0131na \u00f6zel g\u00fcvenlik \u00e7\u00f6z\u00fcmleri sunuyoruz.<br \/>7\/24 Destek: G\u00fcvenli\u011finiz i\u00e7in g\u00fcn\u00fcn her saati \u00e7al\u0131\u015f\u0131yoruz.<br \/>E\u011fitimli Personel: G\u00fcvenlik personelimiz d\u00fczenli olarak e\u011fitim al\u0131r ve g\u00fcncel tehditlere kar\u015f\u0131 haz\u0131rl\u0131kl\u0131d\u0131r.<br \/>Teknolojik Altyap\u0131: En son g\u00fcvenlik teknolojilerini kullanarak maksimum koruma sa\u011fl\u0131yoruz.<br \/>G\u00fcvenilirlik: M\u00fc\u015fteri memnuniyeti ve g\u00fcvenilirlik bizim \u00f6nceli\u011fimizdir.<br \/>\u00d6zel G\u00fcvenlik Avantajlar\u0131<br \/>Profesyonel Koruma: E\u011fitimli g\u00fcvenlik personeli ile tehditlere kar\u015f\u0131 etkin koruma sa\u011flar.<br \/>Su\u00e7 \u00d6nleyici Etki: G\u00fcvenlik varl\u0131\u011f\u0131, potansiyel su\u00e7lar\u0131 cayd\u0131r\u0131r.<br \/>H\u0131zl\u0131 M\u00fcdahale: Acil durumlarda h\u0131zl\u0131 ve etkili m\u00fcdahale imkan\u0131 sunar.<br \/>Risk Y\u00f6netimi: Olas\u0131 riskleri \u00f6nceden belirleyip, gerekli \u00f6nlemleri al\u0131r.<br \/>G\u00fcvenlik Teknolojileri: Modern g\u00fcvenlik cihazlar\u0131 ve sistemleri ile daha kapsaml\u0131 koruma sa\u011flar.<br \/>Yasal Uyum: G\u00fcvenlik hizmetleri, yasal d\u00fczenlemelere uygun olarak y\u00fcr\u00fct\u00fcl\u00fcr.<br \/>Bu metinler, Vatan Koruma adl\u0131 firman\u0131z\u0131n web sitesinde profesyonel ve g\u00fcven verici bir izlenim b\u0131rakacakt\u0131r.<\/p>\t\t\t\t\t\t\t\t<\/div>\n\t\t\t\t<\/div>\n\t\t\t\t\t<\/div>\n\t\t<\/div>\n\t\t\t\t\t<\/div>\n\t\t<\/section>\n\t\t\t\t\t<\/div>\n\t\t<\/div>\n\t\t\t\t\t<\/div>\n\t\t<\/section>\n\t\t\t\t<\/div>\n\t\t","protected":false},"excerpt":{"rendered":"<p>Bu alanda VATAN KORUMA hakk\u0131nda Bilgi Edinebilirsiniz. Daha Fazla Bilgi Bu alanda VATAN KORUMA hakk\u0131nda Bilgi Edinebilirsiniz. Daha Fazla Bilgi Hakk\u0131m\u0131zda Hakk\u0131m\u0131zdaVatan Koruma olarak, y\u0131llar\u0131n getirdi\u011fi deneyim ve uzmanl\u0131k ile m\u00fc\u015fterilerimize en y\u00fcksek kalitede \u00f6zel g\u00fcvenlik hizmetleri sunmaktay\u0131z. Kurulu\u015fumuzdan bu yana, g\u00fcvenlik sekt\u00f6r\u00fcnde yenilik\u00e7i ve proaktif yakla\u015f\u0131mlar\u0131m\u0131zla fark yarat\u0131yoruz. E\u011fitimli ve profesyonel g\u00fcvenlik personelimiz, sizlerin&#8230;<\/p>\n","protected":false},"author":1,"featured_media":0,"parent":0,"menu_order":0,"comment_status":"closed","ping_status":"closed","template":"","meta":{"_kadence_starter_templates_imported_post":false,"_kad_post_transparent":"","_kad_post_title":"hide","_kad_post_layout":"fullwidth","_kad_post_sidebar_id":"","_kad_post_content_style":"unboxed","_kad_post_vertical_padding":"hide","_kad_post_feature":"hide","_kad_post_feature_position":"","_kad_post_header":false,"_kad_post_footer":false,"_kad_post_classname":"","footnotes":""},"class_list":["post-1869","page","type-page","status-publish","hentry"],"aioseo_notices":[],"yoast_head":"<!-- This site is optimized with the Yoast SEO plugin v27.4 - https:\/\/yoast.com\/product\/yoast-seo-wordpress\/ -->\n<title>Hakk\u0131m\u0131zda - Vatan Koruma<\/title>\n<meta name=\"robots\" content=\"index, follow, max-snippet:-1, max-image-preview:large, max-video-preview:-1\" \/>\n<link rel=\"canonical\" href=\"https:\/\/vatankoruma.com\/?page_id=1869\" \/>\n<meta property=\"og:locale\" content=\"en_US\" \/>\n<meta property=\"og:type\" content=\"article\" \/>\n<meta property=\"og:title\" content=\"Hakk\u0131m\u0131zda - Vatan Koruma\" \/>\n<meta property=\"og:description\" content=\"Bu alanda VATAN KORUMA hakk\u0131nda Bilgi Edinebilirsiniz. Daha Fazla Bilgi Bu alanda VATAN KORUMA hakk\u0131nda Bilgi Edinebilirsiniz. Daha Fazla Bilgi Hakk\u0131m\u0131zda Hakk\u0131m\u0131zdaVatan Koruma olarak, y\u0131llar\u0131n getirdi\u011fi deneyim ve uzmanl\u0131k ile m\u00fc\u015fterilerimize en y\u00fcksek kalitede \u00f6zel g\u00fcvenlik hizmetleri sunmaktay\u0131z. Kurulu\u015fumuzdan bu yana, g\u00fcvenlik sekt\u00f6r\u00fcnde yenilik\u00e7i ve proaktif yakla\u015f\u0131mlar\u0131m\u0131zla fark yarat\u0131yoruz. E\u011fitimli ve profesyonel g\u00fcvenlik personelimiz, sizlerin...\" \/>\n<meta property=\"og:url\" content=\"https:\/\/vatankoruma.com\/?page_id=1869\" \/>\n<meta property=\"og:site_name\" content=\"Vatan Koruma\" \/>\n<meta property=\"article:modified_time\" content=\"2024-07-06T10:45:53+00:00\" \/>\n<meta name=\"twitter:card\" content=\"summary_large_image\" \/>\n<meta name=\"twitter:label1\" content=\"Est. reading time\" \/>\n\t<meta name=\"twitter:data1\" content=\"2 minutes\" \/>\n<script type=\"application\/ld+json\" class=\"yoast-schema-graph\">{\"@context\":\"https:\\\/\\\/schema.org\",\"@graph\":[{\"@type\":\"WebPage\",\"@id\":\"https:\\\/\\\/vatankoruma.com\\\/?page_id=1869\",\"url\":\"https:\\\/\\\/vatankoruma.com\\\/?page_id=1869\",\"name\":\"Hakk\u0131m\u0131zda - Vatan Koruma\",\"isPartOf\":{\"@id\":\"https:\\\/\\\/vatankoruma.com\\\/#website\"},\"datePublished\":\"2024-04-02T14:38:00+00:00\",\"dateModified\":\"2024-07-06T10:45:53+00:00\",\"breadcrumb\":{\"@id\":\"https:\\\/\\\/vatankoruma.com\\\/?page_id=1869#breadcrumb\"},\"inLanguage\":\"en-US\",\"potentialAction\":[{\"@type\":\"ReadAction\",\"target\":[\"https:\\\/\\\/vatankoruma.com\\\/?page_id=1869\"]}]},{\"@type\":\"BreadcrumbList\",\"@id\":\"https:\\\/\\\/vatankoruma.com\\\/?page_id=1869#breadcrumb\",\"itemListElement\":[{\"@type\":\"ListItem\",\"position\":1,\"name\":\"Home\",\"item\":\"https:\\\/\\\/vatankoruma.com\\\/\"},{\"@type\":\"ListItem\",\"position\":2,\"name\":\"Hakk\u0131m\u0131zda\"}]},{\"@type\":\"WebSite\",\"@id\":\"https:\\\/\\\/vatankoruma.com\\\/#website\",\"url\":\"https:\\\/\\\/vatankoruma.com\\\/\",\"name\":\"Duka Savunma\",\"description\":\"\",\"publisher\":{\"@id\":\"https:\\\/\\\/vatankoruma.com\\\/#organization\"},\"potentialAction\":[{\"@type\":\"SearchAction\",\"target\":{\"@type\":\"EntryPoint\",\"urlTemplate\":\"https:\\\/\\\/vatankoruma.com\\\/?s={search_term_string}\"},\"query-input\":{\"@type\":\"PropertyValueSpecification\",\"valueRequired\":true,\"valueName\":\"search_term_string\"}}],\"inLanguage\":\"en-US\"},{\"@type\":\"Organization\",\"@id\":\"https:\\\/\\\/vatankoruma.com\\\/#organization\",\"name\":\"Duka Savunma\",\"url\":\"https:\\\/\\\/vatankoruma.com\\\/\",\"logo\":{\"@type\":\"ImageObject\",\"inLanguage\":\"en-US\",\"@id\":\"https:\\\/\\\/vatankoruma.com\\\/#\\\/schema\\\/logo\\\/image\\\/\",\"url\":\"https:\\\/\\\/vatankoruma.com\\\/wp-content\\\/uploads\\\/2024\\\/04\\\/cropped-Isimsiz-3.png\",\"contentUrl\":\"https:\\\/\\\/vatankoruma.com\\\/wp-content\\\/uploads\\\/2024\\\/04\\\/cropped-Isimsiz-3.png\",\"width\":512,\"height\":512,\"caption\":\"Duka Savunma\"},\"image\":{\"@id\":\"https:\\\/\\\/vatankoruma.com\\\/#\\\/schema\\\/logo\\\/image\\\/\"}}]}<\/script>\n<!-- \/ Yoast SEO plugin. -->","yoast_head_json":{"title":"Hakk\u0131m\u0131zda - Vatan Koruma","robots":{"index":"index","follow":"follow","max-snippet":"max-snippet:-1","max-image-preview":"max-image-preview:large","max-video-preview":"max-video-preview:-1"},"canonical":"https:\/\/vatankoruma.com\/?page_id=1869","og_locale":"en_US","og_type":"article","og_title":"Hakk\u0131m\u0131zda - Vatan Koruma","og_description":"Bu alanda VATAN KORUMA hakk\u0131nda Bilgi Edinebilirsiniz. Daha Fazla Bilgi Bu alanda VATAN KORUMA hakk\u0131nda Bilgi Edinebilirsiniz. Daha Fazla Bilgi Hakk\u0131m\u0131zda Hakk\u0131m\u0131zdaVatan Koruma olarak, y\u0131llar\u0131n getirdi\u011fi deneyim ve uzmanl\u0131k ile m\u00fc\u015fterilerimize en y\u00fcksek kalitede \u00f6zel g\u00fcvenlik hizmetleri sunmaktay\u0131z. Kurulu\u015fumuzdan bu yana, g\u00fcvenlik sekt\u00f6r\u00fcnde yenilik\u00e7i ve proaktif yakla\u015f\u0131mlar\u0131m\u0131zla fark yarat\u0131yoruz. E\u011fitimli ve profesyonel g\u00fcvenlik personelimiz, sizlerin...","og_url":"https:\/\/vatankoruma.com\/?page_id=1869","og_site_name":"Vatan Koruma","article_modified_time":"2024-07-06T10:45:53+00:00","twitter_card":"summary_large_image","twitter_misc":{"Est. reading time":"2 minutes"},"schema":{"@context":"https:\/\/schema.org","@graph":[{"@type":"WebPage","@id":"https:\/\/vatankoruma.com\/?page_id=1869","url":"https:\/\/vatankoruma.com\/?page_id=1869","name":"Hakk\u0131m\u0131zda - Vatan Koruma","isPartOf":{"@id":"https:\/\/vatankoruma.com\/#website"},"datePublished":"2024-04-02T14:38:00+00:00","dateModified":"2024-07-06T10:45:53+00:00","breadcrumb":{"@id":"https:\/\/vatankoruma.com\/?page_id=1869#breadcrumb"},"inLanguage":"en-US","potentialAction":[{"@type":"ReadAction","target":["https:\/\/vatankoruma.com\/?page_id=1869"]}]},{"@type":"BreadcrumbList","@id":"https:\/\/vatankoruma.com\/?page_id=1869#breadcrumb","itemListElement":[{"@type":"ListItem","position":1,"name":"Home","item":"https:\/\/vatankoruma.com\/"},{"@type":"ListItem","position":2,"name":"Hakk\u0131m\u0131zda"}]},{"@type":"WebSite","@id":"https:\/\/vatankoruma.com\/#website","url":"https:\/\/vatankoruma.com\/","name":"Duka Savunma","description":"","publisher":{"@id":"https:\/\/vatankoruma.com\/#organization"},"potentialAction":[{"@type":"SearchAction","target":{"@type":"EntryPoint","urlTemplate":"https:\/\/vatankoruma.com\/?s={search_term_string}"},"query-input":{"@type":"PropertyValueSpecification","valueRequired":true,"valueName":"search_term_string"}}],"inLanguage":"en-US"},{"@type":"Organization","@id":"https:\/\/vatankoruma.com\/#organization","name":"Duka Savunma","url":"https:\/\/vatankoruma.com\/","logo":{"@type":"ImageObject","inLanguage":"en-US","@id":"https:\/\/vatankoruma.com\/#\/schema\/logo\/image\/","url":"https:\/\/vatankoruma.com\/wp-content\/uploads\/2024\/04\/cropped-Isimsiz-3.png","contentUrl":"https:\/\/vatankoruma.com\/wp-content\/uploads\/2024\/04\/cropped-Isimsiz-3.png","width":512,"height":512,"caption":"Duka Savunma"},"image":{"@id":"https:\/\/vatankoruma.com\/#\/schema\/logo\/image\/"}}]}},"jetpack_sharing_enabled":true,"_links":{"self":[{"href":"https:\/\/vatankoruma.com\/index.php?rest_route=\/wp\/v2\/pages\/1869","targetHints":{"allow":["GET"]}}],"collection":[{"href":"https:\/\/vatankoruma.com\/index.php?rest_route=\/wp\/v2\/pages"}],"about":[{"href":"https:\/\/vatankoruma.com\/index.php?rest_route=\/wp\/v2\/types\/page"}],"author":[{"embeddable":true,"href":"https:\/\/vatankoruma.com\/index.php?rest_route=\/wp\/v2\/users\/1"}],"replies":[{"embeddable":true,"href":"https:\/\/vatankoruma.com\/index.php?rest_route=%2Fwp%2Fv2%2Fcomments&post=1869"}],"version-history":[{"count":76,"href":"https:\/\/vatankoruma.com\/index.php?rest_route=\/wp\/v2\/pages\/1869\/revisions"}],"predecessor-version":[{"id":2500,"href":"https:\/\/vatankoruma.com\/index.php?rest_route=\/wp\/v2\/pages\/1869\/revisions\/2500"}],"wp:attachment":[{"href":"https:\/\/vatankoruma.com\/index.php?rest_route=%2Fwp%2Fv2%2Fmedia&parent=1869"}],"curies":[{"name":"wp","href":"https:\/\/api.w.org\/{rel}","templated":true}]}}